{"id":12,"date":"2022-11-29T08:16:32","date_gmt":"2022-11-29T07:16:32","guid":{"rendered":"https:\/\/montephoto.com\/?page_id=12"},"modified":"2023-08-23T05:40:21","modified_gmt":"2023-08-23T03:40:21","slug":"home","status":"publish","type":"page","link":"https:\/\/montephoto.com\/","title":{"rendered":"Home"},"content":{"rendered":"<div id=\"pl-12\"  class=\"panel-layout\" ><div id=\"pg-12-0\"  class=\"panel-grid panel-has-style\" ><div class=\"panel-row-style panel-row-style-for-12-0\" ><div id=\"pgc-12-0-0\"  class=\"panel-grid-cell\" ><div id=\"panel-12-0-0-0\" class=\"so-panel widget widget_sow-editor panel-first-child\" data-index=\"0\" ><div\n\t\t\t\n\t\t\tclass=\"so-widget-sow-editor so-widget-sow-editor-base\"\n\t\t\t\n\t\t>\n<div class=\"siteorigin-widget-tinymce textwidget\">\n\t<div class=\"woocommerce columns-4\"><ul class=\"products columns-4\">\n<li class=\"product-category product first\">\n\t<a aria-label=\"Visit product category FOLIJE ZA TEKSTIL\" href=\"https:\/\/montephoto.com\/index.php\/kategorija-proizvoda\/folije-za-tekstil\/\"><img loading=\"lazy\" decoding=\"async\" src=\"https:\/\/montephoto.com\/wp-content\/uploads\/2023\/03\/chemica-glavna-300x300.jpg\" alt=\"FOLIJE ZA TEKSTIL\" width=\"300\" height=\"300\" srcset=\"https:\/\/montephoto.com\/wp-content\/uploads\/2023\/03\/chemica-glavna-300x300.jpg 300w, https:\/\/montephoto.com\/wp-content\/uploads\/2023\/03\/chemica-glavna-1024x1024.jpg 1024w, https:\/\/montephoto.com\/wp-content\/uploads\/2023\/03\/chemica-glavna-150x150.jpg 150w, https:\/\/montephoto.com\/wp-content\/uploads\/2023\/03\/chemica-glavna-768x768.jpg 768w, https:\/\/montephoto.com\/wp-content\/uploads\/2023\/03\/chemica-glavna-600x600.jpg 600w, https:\/\/montephoto.com\/wp-content\/uploads\/2023\/03\/chemica-glavna-100x100.jpg 100w, https:\/\/montephoto.com\/wp-content\/uploads\/2023\/03\/chemica-glavna.jpg 1200w\" sizes=\"auto, (max-width: 300px) 100vw, 300px\" \/>\t\t<h2 class=\"woocommerce-loop-category__title\">\n\t\t\tFOLIJE ZA TEKSTIL\t\t<\/h2>\n\t\t<\/a><\/li>\n<li class=\"product-category product\">\n\t<a aria-label=\"Visit product category SOLVENTNI MATERIJALI\" href=\"https:\/\/montephoto.com\/index.php\/kategorija-proizvoda\/solventni-materijali\/\"><img loading=\"lazy\" decoding=\"async\" src=\"https:\/\/montephoto.com\/wp-content\/uploads\/2023\/03\/Untitled-6-300x300.jpg\" alt=\"SOLVENTNI MATERIJALI\" width=\"300\" height=\"300\" srcset=\"https:\/\/montephoto.com\/wp-content\/uploads\/2023\/03\/Untitled-6-300x300.jpg 300w, https:\/\/montephoto.com\/wp-content\/uploads\/2023\/03\/Untitled-6-150x150.jpg 150w, https:\/\/montephoto.com\/wp-content\/uploads\/2023\/03\/Untitled-6-100x100.jpg 100w\" sizes=\"auto, (max-width: 300px) 100vw, 300px\" \/>\t\t<h2 class=\"woocommerce-loop-category__title\">\n\t\t\tSOLVENTNI MATERIJALI\t\t<\/h2>\n\t\t<\/a><\/li>\n<li class=\"product-category product\">\n\t<a aria-label=\"Visit product category Sublimacija\" href=\"https:\/\/montephoto.com\/index.php\/kategorija-proizvoda\/sublimacija\/\"><img loading=\"lazy\" decoding=\"async\" src=\"https:\/\/montephoto.com\/wp-content\/uploads\/2023\/03\/sublimacija-300x300.jpg\" alt=\"Sublimacija\" width=\"300\" height=\"300\" srcset=\"https:\/\/montephoto.com\/wp-content\/uploads\/2023\/03\/sublimacija-300x300.jpg 300w, https:\/\/montephoto.com\/wp-content\/uploads\/2023\/03\/sublimacija-1024x1024.jpg 1024w, https:\/\/montephoto.com\/wp-content\/uploads\/2023\/03\/sublimacija-150x150.jpg 150w, https:\/\/montephoto.com\/wp-content\/uploads\/2023\/03\/sublimacija-768x768.jpg 768w, https:\/\/montephoto.com\/wp-content\/uploads\/2023\/03\/sublimacija-600x600.jpg 600w, https:\/\/montephoto.com\/wp-content\/uploads\/2023\/03\/sublimacija-100x100.jpg 100w, https:\/\/montephoto.com\/wp-content\/uploads\/2023\/03\/sublimacija.jpg 1200w\" sizes=\"auto, (max-width: 300px) 100vw, 300px\" \/>\t\t<h2 class=\"woocommerce-loop-category__title\">\n\t\t\tSublimacija\t\t<\/h2>\n\t\t<\/a><\/li>\n<li class=\"product-category product last\">\n\t<a aria-label=\"Visit product category Transfer Prese\" href=\"https:\/\/montephoto.com\/index.php\/kategorija-proizvoda\/transfer-prese\/\"><img loading=\"lazy\" decoding=\"async\" src=\"https:\/\/montephoto.com\/wp-content\/uploads\/2023\/04\/sefa-katergorija-300x300.jpg\" alt=\"Transfer Prese\" width=\"300\" height=\"300\" srcset=\"https:\/\/montephoto.com\/wp-content\/uploads\/2023\/04\/sefa-katergorija-300x300.jpg 300w, https:\/\/montephoto.com\/wp-content\/uploads\/2023\/04\/sefa-katergorija-1024x1024.jpg 1024w, https:\/\/montephoto.com\/wp-content\/uploads\/2023\/04\/sefa-katergorija-150x150.jpg 150w, https:\/\/montephoto.com\/wp-content\/uploads\/2023\/04\/sefa-katergorija-768x768.jpg 768w, https:\/\/montephoto.com\/wp-content\/uploads\/2023\/04\/sefa-katergorija-600x600.jpg 600w, https:\/\/montephoto.com\/wp-content\/uploads\/2023\/04\/sefa-katergorija-100x100.jpg 100w, https:\/\/montephoto.com\/wp-content\/uploads\/2023\/04\/sefa-katergorija.jpg 1200w\" sizes=\"auto, (max-width: 300px) 100vw, 300px\" \/>\t\t<h2 class=\"woocommerce-loop-category__title\">\n\t\t\tTransfer Prese\t\t<\/h2>\n\t\t<\/a><\/li>\n<li class=\"product-category product first\">\n\t<a aria-label=\"Visit product category TRODAT PROIZVODI\" href=\"https:\/\/montephoto.com\/index.php\/kategorija-proizvoda\/trodat-proizvodi\/\"><img loading=\"lazy\" decoding=\"async\" src=\"https:\/\/montephoto.com\/wp-content\/uploads\/2023\/04\/pecati-kategorija-300x300.jpg\" alt=\"TRODAT PROIZVODI\" width=\"300\" height=\"300\" srcset=\"https:\/\/montephoto.com\/wp-content\/uploads\/2023\/04\/pecati-kategorija-300x300.jpg 300w, https:\/\/montephoto.com\/wp-content\/uploads\/2023\/04\/pecati-kategorija-1024x1024.jpg 1024w, https:\/\/montephoto.com\/wp-content\/uploads\/2023\/04\/pecati-kategorija-150x150.jpg 150w, https:\/\/montephoto.com\/wp-content\/uploads\/2023\/04\/pecati-kategorija-768x768.jpg 768w, https:\/\/montephoto.com\/wp-content\/uploads\/2023\/04\/pecati-kategorija-600x600.jpg 600w, https:\/\/montephoto.com\/wp-content\/uploads\/2023\/04\/pecati-kategorija-100x100.jpg 100w, https:\/\/montephoto.com\/wp-content\/uploads\/2023\/04\/pecati-kategorija.jpg 1200w\" sizes=\"auto, (max-width: 300px) 100vw, 300px\" \/>\t\t<h2 class=\"woocommerce-loop-category__title\">\n\t\t\tTRODAT PROIZVODI\t\t<\/h2>\n\t\t<\/a><\/li>\n<\/ul>\n<\/div>\n<\/div>\n<\/div><\/div><div id=\"panel-12-0-0-1\" class=\"so-panel widget widget_sow-image-grid panel-last-child\" data-index=\"1\" ><div\n\t\t\t\n\t\t\tclass=\"so-widget-sow-image-grid so-widget-sow-image-grid-default-8bf08a9600e8-12\"\n\t\t\t\n\t\t>\t<div\n\t\tclass=\"sow-image-grid-wrapper\"\n\t\t\t\t\t>\n\t\t\t\t\t<div class=\"sow-image-grid-image\">\n\t\t\t\t\t\t\t\t\t\t\t\t\t<a href=\"https:\/\/montephoto.com\/prodavnica\/mobilni-telefoni\/montephoto\/montephoto-12t-pro\/\"\n\t\t\t\t\t>\n\t\t\t\t\t\t\t\t\t\t\t\t\t\t\t\t\t<\/a>\n\t\t\t\t\t\t\t\t\t\t\t<\/div>\n\t\t\t\t\t<div class=\"sow-image-grid-image\">\n\t\t\t\t\t\t\t\t\t\t\t\t\t<a href=\"https:\/\/montephoto.com\/kategorija-proizvoda\/smart-home\/usisivaci\/\"\n\t\t\t\t\t>\n\t\t\t\t\t\t\t\t\t\t\t\t\t\t\t\t\t<\/a>\n\t\t\t\t\t\t\t\t\t\t\t<\/div>\n\t\t\t\t\t<div class=\"sow-image-grid-image\">\n\t\t\t\t\t\t\t\t\t\t\t\t\t<a href=\"https:\/\/montephoto.com\/prodavnica\/mobilni-telefoni\/tableti\/montephoto-pad-5\/\"\n\t\t\t\t\t>\n\t\t\t\t\t\t\t\t\t\t\t\t\t\t\t\t\t<\/a>\n\t\t\t\t\t\t\t\t\t\t\t<\/div>\n\t\t\t<\/div>\n<\/div><\/div><\/div><\/div><\/div><div id=\"pg-12-1\"  class=\"panel-grid panel-has-style\" ><div class=\"siteorigin-panels-stretch panel-row-style panel-row-style-for-12-1\" data-stretch-type=\"full-stretched\" ><div id=\"pgc-12-1-0\"  class=\"panel-grid-cell panel-grid-cell-empty\" ><\/div><\/div><\/div><div id=\"pg-12-2\"  class=\"panel-grid panel-has-style\" ><div class=\"panel-row-style panel-row-style-for-12-2\" ><div id=\"pgc-12-2-0\"  class=\"panel-grid-cell\" ><div id=\"panel-12-2-0-0\" class=\"so-panel widget widget_sow-editor panel-first-child panel-last-child\" data-index=\"2\" ><div\n\t\t\t\n\t\t\tclass=\"so-widget-sow-editor so-widget-sow-editor-base\"\n\t\t\t\n\t\t>\n<div class=\"siteorigin-widget-tinymce textwidget\">\n\t<h2 class=\"widget-title\" style=\"text-align: center;\">Akutuelni proizvodi<\/h2>\n<div class=\"woocommerce columns-4 \"><ul class=\"products columns-4\">\n<li class=\"product type-product post-217 status-publish first instock product_cat-transfer-prese has-post-thumbnail shipping-taxable product-type-simple\">\n\t<a href=\"https:\/\/montephoto.com\/index.php\/proizvod\/presa-za-solje\/\" class=\"woocommerce-LoopProduct-link woocommerce-loop-product__link\"><img loading=\"lazy\" decoding=\"async\" width=\"300\" height=\"300\" src=\"https:\/\/montephoto.com\/wp-content\/uploads\/2023\/04\/presa-ya-solje-300x300.jpg\" class=\"attachment-woocommerce_thumbnail size-woocommerce_thumbnail\" alt=\"Presa Ya Solje\" srcset=\"https:\/\/montephoto.com\/wp-content\/uploads\/2023\/04\/presa-ya-solje-300x300.jpg 300w, https:\/\/montephoto.com\/wp-content\/uploads\/2023\/04\/presa-ya-solje-1024x1024.jpg 1024w, https:\/\/montephoto.com\/wp-content\/uploads\/2023\/04\/presa-ya-solje-150x150.jpg 150w, https:\/\/montephoto.com\/wp-content\/uploads\/2023\/04\/presa-ya-solje-768x768.jpg 768w, https:\/\/montephoto.com\/wp-content\/uploads\/2023\/04\/presa-ya-solje-600x600.jpg 600w, https:\/\/montephoto.com\/wp-content\/uploads\/2023\/04\/presa-ya-solje-100x100.jpg 100w, https:\/\/montephoto.com\/wp-content\/uploads\/2023\/04\/presa-ya-solje.jpg 1200w\" sizes=\"auto, (max-width: 300px) 100vw, 300px\" \/><h2 class=\"woocommerce-loop-product__title\">Presa za \u0161olje<\/h2>\n<\/a><a href=\"https:\/\/montephoto.com\/index.php\/proizvod\/presa-za-solje\/\" aria-describedby=\"woocommerce_loop_add_to_cart_link_describedby_217\" data-quantity=\"1\" class=\"button product_type_simple\" data-product_id=\"217\" data-product_sku=\"\" aria-label=\"Pro\u010ditaj vi\u0161e o &ldquo;Presa za \u0161olje&rdquo;\" rel=\"nofollow\" data-success_message=\"\">Pro\u010ditaj vi\u0161e<\/a>\t<span id=\"woocommerce_loop_add_to_cart_link_describedby_217\" class=\"screen-reader-text\">\n\t\t\t<\/span>\n<a href=\"https:\/\/montephoto.com\/index.php\/placanje\/?add-to-cart=217\" class=\"cta\">Kupi odmah <i class='las fa-angle-right'><\/i><\/a><\/li>\n<li class=\"product type-product post-214 status-publish instock product_cat-transfer-prese has-post-thumbnail shipping-taxable product-type-simple\">\n\t<a href=\"https:\/\/montephoto.com\/index.php\/proizvod\/slide-655\/\" class=\"woocommerce-LoopProduct-link woocommerce-loop-product__link\"><img loading=\"lazy\" decoding=\"async\" width=\"300\" height=\"300\" src=\"https:\/\/montephoto.com\/wp-content\/uploads\/2023\/04\/slide-655-300x300.jpg\" class=\"attachment-woocommerce_thumbnail size-woocommerce_thumbnail\" alt=\"Slide 655\" srcset=\"https:\/\/montephoto.com\/wp-content\/uploads\/2023\/04\/slide-655-300x300.jpg 300w, https:\/\/montephoto.com\/wp-content\/uploads\/2023\/04\/slide-655-1024x1024.jpg 1024w, https:\/\/montephoto.com\/wp-content\/uploads\/2023\/04\/slide-655-150x150.jpg 150w, https:\/\/montephoto.com\/wp-content\/uploads\/2023\/04\/slide-655-768x768.jpg 768w, https:\/\/montephoto.com\/wp-content\/uploads\/2023\/04\/slide-655-600x600.jpg 600w, https:\/\/montephoto.com\/wp-content\/uploads\/2023\/04\/slide-655-100x100.jpg 100w, https:\/\/montephoto.com\/wp-content\/uploads\/2023\/04\/slide-655.jpg 1200w\" sizes=\"auto, (max-width: 300px) 100vw, 300px\" \/><h2 class=\"woocommerce-loop-product__title\">Slide 655<\/h2>\n<\/a><a href=\"https:\/\/montephoto.com\/index.php\/proizvod\/slide-655\/\" aria-describedby=\"woocommerce_loop_add_to_cart_link_describedby_214\" data-quantity=\"1\" class=\"button product_type_simple\" data-product_id=\"214\" data-product_sku=\"\" aria-label=\"Pro\u010ditaj vi\u0161e o &ldquo;Slide 655&rdquo;\" rel=\"nofollow\" data-success_message=\"\">Pro\u010ditaj vi\u0161e<\/a>\t<span id=\"woocommerce_loop_add_to_cart_link_describedby_214\" class=\"screen-reader-text\">\n\t\t\t<\/span>\n<a href=\"https:\/\/montephoto.com\/index.php\/placanje\/?add-to-cart=214\" class=\"cta\">Kupi odmah <i class='las fa-angle-right'><\/i><\/a><\/li>\n<li class=\"product type-product post-211 status-publish instock product_cat-transfer-prese has-post-thumbnail shipping-taxable product-type-simple\">\n\t<a href=\"https:\/\/montephoto.com\/index.php\/proizvod\/clam-sport\/\" class=\"woocommerce-LoopProduct-link woocommerce-loop-product__link\"><img loading=\"lazy\" decoding=\"async\" width=\"300\" height=\"300\" src=\"https:\/\/montephoto.com\/wp-content\/uploads\/2023\/04\/clam-sport-300x300.jpg\" class=\"attachment-woocommerce_thumbnail size-woocommerce_thumbnail\" alt=\"Clam Sport\" srcset=\"https:\/\/montephoto.com\/wp-content\/uploads\/2023\/04\/clam-sport-300x300.jpg 300w, https:\/\/montephoto.com\/wp-content\/uploads\/2023\/04\/clam-sport-1024x1024.jpg 1024w, https:\/\/montephoto.com\/wp-content\/uploads\/2023\/04\/clam-sport-150x150.jpg 150w, https:\/\/montephoto.com\/wp-content\/uploads\/2023\/04\/clam-sport-768x768.jpg 768w, https:\/\/montephoto.com\/wp-content\/uploads\/2023\/04\/clam-sport-600x600.jpg 600w, https:\/\/montephoto.com\/wp-content\/uploads\/2023\/04\/clam-sport-100x100.jpg 100w, https:\/\/montephoto.com\/wp-content\/uploads\/2023\/04\/clam-sport.jpg 1200w\" sizes=\"auto, (max-width: 300px) 100vw, 300px\" \/><h2 class=\"woocommerce-loop-product__title\">Clam Sport<\/h2>\n<\/a><a href=\"https:\/\/montephoto.com\/index.php\/proizvod\/clam-sport\/\" aria-describedby=\"woocommerce_loop_add_to_cart_link_describedby_211\" data-quantity=\"1\" class=\"button product_type_simple\" data-product_id=\"211\" data-product_sku=\"\" aria-label=\"Pro\u010ditaj vi\u0161e o &ldquo;Clam Sport&rdquo;\" rel=\"nofollow\" data-success_message=\"\">Pro\u010ditaj vi\u0161e<\/a>\t<span id=\"woocommerce_loop_add_to_cart_link_describedby_211\" class=\"screen-reader-text\">\n\t\t\t<\/span>\n<a href=\"https:\/\/montephoto.com\/index.php\/placanje\/?add-to-cart=211\" class=\"cta\">Kupi odmah <i class='las fa-angle-right'><\/i><\/a><\/li>\n<li class=\"product type-product post-209 status-publish last instock product_cat-transfer-prese has-post-thumbnail shipping-taxable product-type-simple\">\n\t<a href=\"https:\/\/montephoto.com\/index.php\/proizvod\/clam-pro-v3\/\" class=\"woocommerce-LoopProduct-link woocommerce-loop-product__link\"><img loading=\"lazy\" decoding=\"async\" width=\"300\" height=\"300\" src=\"https:\/\/montephoto.com\/wp-content\/uploads\/2023\/04\/clam-pro-v3-300x300.jpg\" class=\"attachment-woocommerce_thumbnail size-woocommerce_thumbnail\" alt=\"Clam Pro V3\" srcset=\"https:\/\/montephoto.com\/wp-content\/uploads\/2023\/04\/clam-pro-v3-300x300.jpg 300w, https:\/\/montephoto.com\/wp-content\/uploads\/2023\/04\/clam-pro-v3-1024x1024.jpg 1024w, https:\/\/montephoto.com\/wp-content\/uploads\/2023\/04\/clam-pro-v3-150x150.jpg 150w, https:\/\/montephoto.com\/wp-content\/uploads\/2023\/04\/clam-pro-v3-768x768.jpg 768w, https:\/\/montephoto.com\/wp-content\/uploads\/2023\/04\/clam-pro-v3-600x600.jpg 600w, https:\/\/montephoto.com\/wp-content\/uploads\/2023\/04\/clam-pro-v3-100x100.jpg 100w, https:\/\/montephoto.com\/wp-content\/uploads\/2023\/04\/clam-pro-v3.jpg 1200w\" sizes=\"auto, (max-width: 300px) 100vw, 300px\" \/><h2 class=\"woocommerce-loop-product__title\">Clam Pro V3<\/h2>\n<\/a><a href=\"https:\/\/montephoto.com\/index.php\/proizvod\/clam-pro-v3\/\" aria-describedby=\"woocommerce_loop_add_to_cart_link_describedby_209\" data-quantity=\"1\" class=\"button product_type_simple\" data-product_id=\"209\" data-product_sku=\"\" aria-label=\"Pro\u010ditaj vi\u0161e o &ldquo;Clam Pro V3&rdquo;\" rel=\"nofollow\" data-success_message=\"\">Pro\u010ditaj vi\u0161e<\/a>\t<span id=\"woocommerce_loop_add_to_cart_link_describedby_209\" class=\"screen-reader-text\">\n\t\t\t<\/span>\n<a href=\"https:\/\/montephoto.com\/index.php\/placanje\/?add-to-cart=209\" class=\"cta\">Kupi odmah <i class='las fa-angle-right'><\/i><\/a><\/li>\n<\/ul>\n<\/div>\n<p>&nbsp;<\/p>\n<\/div>\n<\/div><\/div><\/div><\/div><\/div><\/div>","protected":false},"excerpt":{"rendered":"<p>FOLIJE ZA TEKSTIL SOLVENTNI MATERIJALI Sublimacija Transfer Prese TRODAT PROIZVODI Akutuelni proizvodi Presa za \u0161olje Pro\u010ditaj vi\u0161e Kupi odmah Slide 655 Pro\u010ditaj vi\u0161e Kupi odmah Clam Sport Pro\u010ditaj vi\u0161e Kupi odmah Clam Pro V3 Pro\u010ditaj vi\u0161e Kupi odmah &nbsp;<\/p>\n","protected":false},"author":1,"featured_media":0,"parent":0,"menu_order":0,"comment_status":"closed","ping_status":"closed","template":"page-templates\/page_front-page.php","meta":{"_seopress_robots_primary_cat":"","_seopress_titles_title":"","_seopress_titles_desc":"","_seopress_robots_index":"","footnotes":""},"class_list":["post-12","page","type-page","status-publish","hentry"],"acf":[],"_links":{"self":[{"href":"https:\/\/montephoto.com\/index.php\/wp-json\/wp\/v2\/pages\/12","targetHints":{"allow":["GET"]}}],"collection":[{"href":"https:\/\/montephoto.com\/index.php\/wp-json\/wp\/v2\/pages"}],"about":[{"href":"https:\/\/montephoto.com\/index.php\/wp-json\/wp\/v2\/types\/page"}],"author":[{"embeddable":true,"href":"https:\/\/montephoto.com\/index.php\/wp-json\/wp\/v2\/users\/1"}],"replies":[{"embeddable":true,"href":"https:\/\/montephoto.com\/index.php\/wp-json\/wp\/v2\/comments?post=12"}],"version-history":[{"count":0,"href":"https:\/\/montephoto.com\/index.php\/wp-json\/wp\/v2\/pages\/12\/revisions"}],"wp:attachment":[{"href":"https:\/\/montephoto.com\/index.php\/wp-json\/wp\/v2\/media?parent=12"}],"curies":[{"name":"wp","href":"https:\/\/api.w.org\/{rel}","templated":true}]}}