{"id":68,"date":"2023-03-27T15:09:46","date_gmt":"2023-03-27T13:09:46","guid":{"rendered":"https:\/\/montephoto.com\/?post_type=product&#038;p=68"},"modified":"2023-03-27T15:23:24","modified_gmt":"2023-03-27T13:23:24","slug":"hotmark","status":"publish","type":"product","link":"https:\/\/montephoto.com\/index.php\/proizvod\/hotmark\/","title":{"rendered":"Hotmark"},"content":{"rendered":"","protected":false},"excerpt":{"rendered":"<p>Najpopularnije i najprodavanije folije u  spektru Flex proizvoda francuskog proizvo\u0111a\u010da Chemica. Odlikuju se lakim rezanjem iako pripadaju grupi tankih materijala. Otporan i veoma udoban. Dozvoljeno pranje i do 80 stepeni. Polumat fini\u0161. Dozvoljeno pranje i do 80 stepeni. Moze se koristiti i za radnu odje\u0107u. Proizvodi se u razli\u010ditim bojama.<\/p>\n","protected":false},"featured_media":64,"comment_status":"closed","ping_status":"closed","template":"","meta":{"_seopress_robots_primary_cat":"","_seopress_titles_title":"","_seopress_titles_desc":"","_seopress_robots_index":""},"product_brand":[],"product_cat":[24],"product_tag":[],"class_list":{"0":"post-68","1":"product","2":"type-product","3":"status-publish","4":"has-post-thumbnail","6":"product_cat-flex-folije","8":"first","9":"instock","10":"shipping-taxable","11":"product-type-simple"},"acf":[],"_links":{"self":[{"href":"https:\/\/montephoto.com\/index.php\/wp-json\/wp\/v2\/product\/68","targetHints":{"allow":["GET"]}}],"collection":[{"href":"https:\/\/montephoto.com\/index.php\/wp-json\/wp\/v2\/product"}],"about":[{"href":"https:\/\/montephoto.com\/index.php\/wp-json\/wp\/v2\/types\/product"}],"replies":[{"embeddable":true,"href":"https:\/\/montephoto.com\/index.php\/wp-json\/wp\/v2\/comments?post=68"}],"wp:featuredmedia":[{"embeddable":true,"href":"https:\/\/montephoto.com\/index.php\/wp-json\/wp\/v2\/media\/64"}],"wp:attachment":[{"href":"https:\/\/montephoto.com\/index.php\/wp-json\/wp\/v2\/media?parent=68"}],"wp:term":[{"taxonomy":"product_brand","embeddable":true,"href":"https:\/\/montephoto.com\/index.php\/wp-json\/wp\/v2\/product_brand?post=68"},{"taxonomy":"product_cat","embeddable":true,"href":"https:\/\/montephoto.com\/index.php\/wp-json\/wp\/v2\/product_cat?post=68"},{"taxonomy":"product_tag","embeddable":true,"href":"https:\/\/montephoto.com\/index.php\/wp-json\/wp\/v2\/product_tag?post=68"}],"curies":[{"name":"wp","href":"https:\/\/api.w.org\/{rel}","templated":true}]}}